{"id":295,"date":"2023-10-24T15:21:41","date_gmt":"2023-10-24T14:21:41","guid":{"rendered":"https:\/\/polycountmodelling.com\/?page_id=295"},"modified":"2023-10-24T15:21:42","modified_gmt":"2023-10-24T14:21:42","slug":"belsoepiteszeti-render","status":"publish","type":"page","link":"https:\/\/polycountmodelling.com\/en\/belsoepiteszeti-render","title":{"rendered":"Interior renders"},"content":{"rendered":"<div class=\"wp-block-group is-layout-constrained wp-container-core-group-layout-1 wp-block-group-is-layout-constrained\">\n<figure class=\"wp-block-embed aligncenter is-type-video is-provider-youtube wp-block-embed-youtube wp-embed-aspect-16-9 wp-has-aspect-ratio\"><div class=\"wp-block-embed__wrapper\">\n<iframe loading=\"lazy\" title=\"Modern apartment ArchVis project 2\" width=\"500\" height=\"281\" src=\"https:\/\/www.youtube.com\/embed\/wsivC4DzU0U?feature=oembed\" frameborder=\"0\" allow=\"accelerometer; autoplay; clipboard-write; encrypted-media; gyroscope; picture-in-picture; web-share\" allowfullscreen><\/iframe>\n<\/div><\/figure>\n<\/div>","protected":false},"excerpt":{"rendered":"","protected":false},"author":1,"featured_media":0,"parent":0,"menu_order":0,"comment_status":"closed","ping_status":"closed","template":"wp-custom-template-interior-render","meta":{"_eb_attr":"","footnotes":""},"yoast_head":"<!-- This site is optimized with the Yoast SEO plugin v21.8 - https:\/\/yoast.com\/wordpress\/plugins\/seo\/ -->\n<title>Bels\u0151\u00e9p\u00edt\u00e9szeti render - PolyCount<\/title>\n<meta name=\"robots\" content=\"index, follow, max-snippet:-1, max-image-preview:large, max-video-preview:-1\" \/>\n<link rel=\"canonical\" href=\"https:\/\/polycountmodelling.com\/en\/belsoepiteszeti-render\/\" \/>\n<meta property=\"og:locale\" content=\"en_US\" \/>\n<meta property=\"og:type\" content=\"article\" \/>\n<meta property=\"og:title\" content=\"Bels\u0151\u00e9p\u00edt\u00e9szeti render - PolyCount\" \/>\n<meta property=\"og:url\" content=\"https:\/\/polycountmodelling.com\/en\/belsoepiteszeti-render\/\" \/>\n<meta property=\"og:site_name\" content=\"PolyCount\" \/>\n<meta property=\"article:modified_time\" content=\"2023-10-24T14:21:42+00:00\" \/>\n<meta name=\"twitter:card\" content=\"summary_large_image\" \/>\n<!-- \/ Yoast SEO plugin. -->","yoast_head_json":{"title":"Bels\u0151\u00e9p\u00edt\u00e9szeti render - PolyCount","robots":{"index":"index","follow":"follow","max-snippet":"max-snippet:-1","max-image-preview":"max-image-preview:large","max-video-preview":"max-video-preview:-1"},"canonical":"https:\/\/polycountmodelling.com\/en\/belsoepiteszeti-render\/","og_locale":"en_US","og_type":"article","og_title":"Bels\u0151\u00e9p\u00edt\u00e9szeti render - PolyCount","og_url":"https:\/\/polycountmodelling.com\/en\/belsoepiteszeti-render\/","og_site_name":"PolyCount","article_modified_time":"2023-10-24T14:21:42+00:00","twitter_card":"summary_large_image","schema":{"@context":"https:\/\/schema.org","@graph":[{"@type":"WebPage","@id":"https:\/\/polycountmodelling.com\/belsoepiteszeti-render","url":"https:\/\/polycountmodelling.com\/belsoepiteszeti-render","name":"Bels\u0151\u00e9p\u00edt\u00e9szeti render - PolyCount","isPartOf":{"@id":"https:\/\/polycountmodelling.com\/#website"},"datePublished":"2023-10-24T14:21:41+00:00","dateModified":"2023-10-24T14:21:42+00:00","breadcrumb":{"@id":"https:\/\/polycountmodelling.com\/belsoepiteszeti-render#breadcrumb"},"inLanguage":"en-US","potentialAction":[{"@type":"ReadAction","target":["https:\/\/polycountmodelling.com\/belsoepiteszeti-render"]}]},{"@type":"BreadcrumbList","@id":"https:\/\/polycountmodelling.com\/belsoepiteszeti-render#breadcrumb","itemListElement":[{"@type":"ListItem","position":1,"name":"Home","item":"https:\/\/polycountmodelling.com\/"},{"@type":"ListItem","position":2,"name":"Bels\u0151\u00e9p\u00edt\u00e9szeti render"}]},{"@type":"WebSite","@id":"https:\/\/polycountmodelling.com\/#website","url":"https:\/\/polycountmodelling.com\/","name":"PolyCount","description":"","publisher":{"@id":"https:\/\/polycountmodelling.com\/#organization"},"potentialAction":[{"@type":"SearchAction","target":{"@type":"EntryPoint","urlTemplate":"https:\/\/polycountmodelling.com\/?s={search_term_string}"},"query-input":"required name=search_term_string"}],"inLanguage":"en-US"},{"@type":"Organization","@id":"https:\/\/polycountmodelling.com\/#organization","name":"PolyCount","url":"https:\/\/polycountmodelling.com\/","logo":{"@type":"ImageObject","inLanguage":"en-US","@id":"https:\/\/polycountmodelling.com\/#\/schema\/logo\/image\/","url":"https:\/\/polycountmodelling.com\/wp-content\/uploads\/2023\/10\/cropped-cubelogo-2-1.png","contentUrl":"https:\/\/polycountmodelling.com\/wp-content\/uploads\/2023\/10\/cropped-cubelogo-2-1.png","width":1023,"height":1023,"caption":"PolyCount"},"image":{"@id":"https:\/\/polycountmodelling.com\/#\/schema\/logo\/image\/"},"sameAs":["https:\/\/www.instagram.com\/polycountmodelling","https:\/\/www.youtube.com\/channel\/UCCSWmVmHb4Ykx7ip6dRSoQg"]}]}},"_links":{"self":[{"href":"https:\/\/polycountmodelling.com\/en\/wp-json\/wp\/v2\/pages\/295"}],"collection":[{"href":"https:\/\/polycountmodelling.com\/en\/wp-json\/wp\/v2\/pages"}],"about":[{"href":"https:\/\/polycountmodelling.com\/en\/wp-json\/wp\/v2\/types\/page"}],"author":[{"embeddable":true,"href":"https:\/\/polycountmodelling.com\/en\/wp-json\/wp\/v2\/users\/1"}],"replies":[{"embeddable":true,"href":"https:\/\/polycountmodelling.com\/en\/wp-json\/wp\/v2\/comments?post=295"}],"version-history":[{"count":3,"href":"https:\/\/polycountmodelling.com\/en\/wp-json\/wp\/v2\/pages\/295\/revisions"}],"predecessor-version":[{"id":314,"href":"https:\/\/polycountmodelling.com\/en\/wp-json\/wp\/v2\/pages\/295\/revisions\/314"}],"wp:attachment":[{"href":"https:\/\/polycountmodelling.com\/en\/wp-json\/wp\/v2\/media?parent=295"}],"curies":[{"name":"wp","href":"https:\/\/api.w.org\/{rel}","templated":true}]}}