{"id":283,"date":"2023-10-24T15:09:26","date_gmt":"2023-10-24T14:09:26","guid":{"rendered":"https:\/\/polycountmodelling.com\/?page_id=283"},"modified":"2024-01-11T14:00:19","modified_gmt":"2024-01-11T14:00:19","slug":"3d-latvanyerv-archvis","status":"publish","type":"page","link":"https:\/\/polycountmodelling.com\/en\/3d-latvanyerv-archvis","title":{"rendered":"ArchVis"},"content":{"rendered":"<p><strong>\u00c9p\u00fclet l\u00e1tv\u00e1nyterv<\/strong> k\u00e9sz\u00edt\u00e9s<\/p>\n\n\n\n<h2 class=\"wp-block-heading\"><strong><a href=\"https:\/\/polycountmodelling.com\/en\/3d-modell-waller-bistro-belvarosi-etterem\/\">Restaurant interior visualization<\/a><\/strong><\/h2>\n\n\n\n<figure class=\"wp-block-image size-large\"><img loading=\"lazy\" decoding=\"async\" width=\"1024\" height=\"661\" src=\"http:\/\/polycountmodelling.com\/wp-content\/uploads\/2023\/10\/wallerbistro_1-1024x661.png\" alt=\"\" class=\"wp-image-300\" srcset=\"https:\/\/polycountmodelling.com\/wp-content\/uploads\/2023\/10\/wallerbistro_1-1024x661.png 1024w, https:\/\/polycountmodelling.com\/wp-content\/uploads\/2023\/10\/wallerbistro_1-300x194.png 300w, https:\/\/polycountmodelling.com\/wp-content\/uploads\/2023\/10\/wallerbistro_1-768x496.png 768w, https:\/\/polycountmodelling.com\/wp-content\/uploads\/2023\/10\/wallerbistro_1-1536x992.png 1536w, https:\/\/polycountmodelling.com\/wp-content\/uploads\/2023\/10\/wallerbistro_1-1568x1013.png 1568w, https:\/\/polycountmodelling.com\/wp-content\/uploads\/2023\/10\/wallerbistro_1.png 1920w\" sizes=\"(max-width: 1024px) 100vw, 1024px\" \/><\/figure>\n\n\n\n<p>Still images rendered from photorealistic interior design.<\/p>\n\n\n\n<h2 class=\"wp-block-heading\"><strong><a href=\"https:\/\/polycountmodelling.com\/en\/3d-rendering-latvanyterv-modern-hetvegi-haz-2023\/\">Weekend house visualization<\/a><\/strong><\/h2>\n\n\n\n<figure class=\"wp-block-image size-large\"><img loading=\"lazy\" decoding=\"async\" width=\"1024\" height=\"576\" src=\"http:\/\/polycountmodelling.com\/wp-content\/uploads\/2023\/10\/still1-1024x576.png\" alt=\"\" class=\"wp-image-323\" srcset=\"https:\/\/polycountmodelling.com\/wp-content\/uploads\/2023\/10\/still1-1024x576.png 1024w, https:\/\/polycountmodelling.com\/wp-content\/uploads\/2023\/10\/still1-300x169.png 300w, https:\/\/polycountmodelling.com\/wp-content\/uploads\/2023\/10\/still1-768x432.png 768w, https:\/\/polycountmodelling.com\/wp-content\/uploads\/2023\/10\/still1-1536x864.png 1536w, https:\/\/polycountmodelling.com\/wp-content\/uploads\/2023\/10\/still1-1568x882.png 1568w, https:\/\/polycountmodelling.com\/wp-content\/uploads\/2023\/10\/still1.png 1920w\" sizes=\"(max-width: 1024px) 100vw, 1024px\" \/><\/figure>\n\n\n\n<p>Photorealistic exterior and interior rendres, both still images and animated video.<\/p>\n\n\n\n<h2 class=\"wp-block-heading\"><strong><a href=\"https:\/\/polycountmodelling.com\/en\/3d-rendering-modell-lakonegyed\/\">Residental area visualization<\/a><\/strong><\/h2>\n\n\n\n<figure class=\"wp-block-image size-large\"><img loading=\"lazy\" decoding=\"async\" width=\"1024\" height=\"576\" src=\"http:\/\/polycountmodelling.com\/wp-content\/uploads\/2023\/10\/torrance_1-large-1024x576.png\" alt=\"\" class=\"wp-image-337\" srcset=\"https:\/\/polycountmodelling.com\/wp-content\/uploads\/2023\/10\/torrance_1-large-1024x576.png 1024w, https:\/\/polycountmodelling.com\/wp-content\/uploads\/2023\/10\/torrance_1-large-300x169.png 300w, https:\/\/polycountmodelling.com\/wp-content\/uploads\/2023\/10\/torrance_1-large-768x432.png 768w, https:\/\/polycountmodelling.com\/wp-content\/uploads\/2023\/10\/torrance_1-large-1536x864.png 1536w, https:\/\/polycountmodelling.com\/wp-content\/uploads\/2023\/10\/torrance_1-large-1568x882.png 1568w, https:\/\/polycountmodelling.com\/wp-content\/uploads\/2023\/10\/torrance_1-large.png 1920w\" sizes=\"(max-width: 1024px) 100vw, 1024px\" \/><\/figure>\n\n\n\n<p>Photorealistic exterior visualization, still image renders and animated video.<\/p>\n\n\n\n<h2 class=\"wp-block-heading\"><strong><a href=\"https:\/\/polycountmodelling.com\/en\/3d-render-the-curve-folyoparti-etterem\/\">Riverside restaurant visualization<\/a><\/strong><\/h2>\n\n\n\n<figure class=\"wp-block-image size-large\"><img loading=\"lazy\" decoding=\"async\" width=\"1024\" height=\"576\" src=\"http:\/\/polycountmodelling.com\/wp-content\/uploads\/2023\/10\/thecurve_2-large-1024x576.png\" alt=\"\" class=\"wp-image-318\" srcset=\"https:\/\/polycountmodelling.com\/wp-content\/uploads\/2023\/10\/thecurve_2-large-1024x576.png 1024w, https:\/\/polycountmodelling.com\/wp-content\/uploads\/2023\/10\/thecurve_2-large-300x169.png 300w, https:\/\/polycountmodelling.com\/wp-content\/uploads\/2023\/10\/thecurve_2-large-768x432.png 768w, https:\/\/polycountmodelling.com\/wp-content\/uploads\/2023\/10\/thecurve_2-large-1536x864.png 1536w, https:\/\/polycountmodelling.com\/wp-content\/uploads\/2023\/10\/thecurve_2-large-1568x882.png 1568w, https:\/\/polycountmodelling.com\/wp-content\/uploads\/2023\/10\/thecurve_2-large.png 1920w\" sizes=\"(max-width: 1024px) 100vw, 1024px\" \/><\/figure>\n\n\n\n<p>Photorealistic exterior still images and video.<\/p>\n\n\n\n<h2 class=\"wp-block-heading\"><strong><a href=\"https:\/\/polycountmodelling.com\/en\/belsoepiteszeti-render\/\">Interior visualization<\/a><\/strong><\/h2>\n\n\n\n<figure class=\"wp-block-image size-large\"><img loading=\"lazy\" decoding=\"async\" width=\"1024\" height=\"683\" src=\"http:\/\/polycountmodelling.com\/wp-content\/uploads\/2023\/10\/camera.013-1024x683.jpg\" alt=\"\" class=\"wp-image-170\" srcset=\"https:\/\/polycountmodelling.com\/wp-content\/uploads\/2023\/10\/camera.013-1024x683.jpg 1024w, https:\/\/polycountmodelling.com\/wp-content\/uploads\/2023\/10\/camera.013-300x200.jpg 300w, https:\/\/polycountmodelling.com\/wp-content\/uploads\/2023\/10\/camera.013-768x512.jpg 768w, https:\/\/polycountmodelling.com\/wp-content\/uploads\/2023\/10\/camera.013-1536x1024.jpg 1536w, https:\/\/polycountmodelling.com\/wp-content\/uploads\/2023\/10\/camera.013-1568x1045.jpg 1568w, https:\/\/polycountmodelling.com\/wp-content\/uploads\/2023\/10\/camera.013.jpg 1620w\" sizes=\"(max-width: 1024px) 100vw, 1024px\" \/><\/figure>\n\n\n\n<p>Animated video rendered from photorealistic interior design.<\/p>","protected":false},"excerpt":{"rendered":"<p>\u00c9p\u00fclet l\u00e1tv\u00e1nyterv k\u00e9sz\u00edt\u00e9s \u00c9tterem bels\u0151\u00e9p\u00edt\u00e9szeti l\u00e1tv\u00e1nyterv Fot\u00f3realisztikus bels\u0151 l\u00e1tv\u00e1nytervb\u0151l renderelt \u00e1ll\u00f3k\u00e9pek. H\u00e9tv\u00e9gi h\u00e1z l\u00e1tv\u00e1nyterv Fot\u00f3realisztikus k\u00fcls\u0151 \u00e9s bels\u0151 l\u00e1tv\u00e1nyterv, renderelt \u00e1ll\u00f3k\u00e9pek \u00e9s anim\u00e1lt vide\u00f3. Lak\u00f3negyed l\u00e1tv\u00e1nyterv Fot\u00f3realisztikus k\u00fcls\u0151 l\u00e1tv\u00e1nyterv, renderelt \u00e1ll\u00f3k\u00e9pek \u00e9s anim\u00e1lt vide\u00f3. Foly\u00f3parti \u00e9tterem l\u00e1tv\u00e1nyterv Fot\u00f3realisztikus k\u00fcls\u0151 l\u00e1tv\u00e1nytervb\u0151l renderelt vide\u00f3 \u00e9s \u00e1ll\u00f3k\u00e9pek. Bels\u0151\u00e9p\u00edt\u00e9szeti l\u00e1tv\u00e1nyterv Fot\u00f3realisztikus bels\u0151 l\u00e1tv\u00e1nytervb\u0151l renderelt anim\u00e1lt vide\u00f3.<\/p>","protected":false},"author":1,"featured_media":0,"parent":0,"menu_order":0,"comment_status":"closed","ping_status":"closed","template":"wp-custom-template-arch-vis","meta":{"_eb_attr":"","footnotes":""},"yoast_head":"<!-- This site is optimized with the Yoast SEO plugin v21.8 - https:\/\/yoast.com\/wordpress\/plugins\/seo\/ -->\n<title>\u00c9p\u00fclet l\u00e1tv\u00e1nyterv, \u00e9p\u00fclet 3D modellez\u00e9s \u00e9s renderel\u00e9s - PolyCount<\/title>\n<meta name=\"description\" content=\"\u00c9p\u00fclet bels\u0151 \u00e9s k\u00fcls\u0151 l\u00e1tv\u00e1nyterv k\u00e9sz\u00edt\u00e9s, b\u00fator l\u00e1tv\u00e1nytervez\u00e9s, k\u00f6rnyezetbe helyez\u00e9s. Tervrajzok, f\u00e9nyk\u00e9pek vagy b\u00e1rmely m\u00e1s adat alapj\u00e1n.\" \/>\n<meta name=\"robots\" content=\"index, follow, max-snippet:-1, max-image-preview:large, max-video-preview:-1\" \/>\n<link rel=\"canonical\" href=\"https:\/\/polycountmodelling.com\/en\/3d-latvanyerv-archvis\/\" \/>\n<meta property=\"og:locale\" content=\"en_US\" \/>\n<meta property=\"og:type\" content=\"article\" \/>\n<meta property=\"og:title\" content=\"\u00c9p\u00fclet l\u00e1tv\u00e1nyterv, \u00e9p\u00fclet 3D modellez\u00e9s \u00e9s renderel\u00e9s - PolyCount\" \/>\n<meta property=\"og:description\" content=\"\u00c9p\u00fclet bels\u0151 \u00e9s k\u00fcls\u0151 l\u00e1tv\u00e1nyterv k\u00e9sz\u00edt\u00e9s, b\u00fator l\u00e1tv\u00e1nytervez\u00e9s, k\u00f6rnyezetbe helyez\u00e9s. Tervrajzok, f\u00e9nyk\u00e9pek vagy b\u00e1rmely m\u00e1s adat alapj\u00e1n.\" \/>\n<meta property=\"og:url\" content=\"https:\/\/polycountmodelling.com\/en\/3d-latvanyerv-archvis\/\" \/>\n<meta property=\"og:site_name\" content=\"PolyCount\" \/>\n<meta property=\"article:modified_time\" content=\"2024-01-11T14:00:19+00:00\" \/>\n<meta property=\"og:image\" content=\"http:\/\/polycountmodelling.com\/wp-content\/uploads\/2023\/10\/wallerbistro_1-1024x661.png\" \/>\n<meta name=\"twitter:card\" content=\"summary_large_image\" \/>\n<meta name=\"twitter:label1\" content=\"Est. reading time\" \/>\n\t<meta name=\"twitter:data1\" content=\"2 minutes\" \/>\n<!-- \/ Yoast SEO plugin. -->","yoast_head_json":{"title":"\u00c9p\u00fclet l\u00e1tv\u00e1nyterv, \u00e9p\u00fclet 3D modellez\u00e9s \u00e9s renderel\u00e9s - PolyCount","description":"\u00c9p\u00fclet bels\u0151 \u00e9s k\u00fcls\u0151 l\u00e1tv\u00e1nyterv k\u00e9sz\u00edt\u00e9s, b\u00fator l\u00e1tv\u00e1nytervez\u00e9s, k\u00f6rnyezetbe helyez\u00e9s. Tervrajzok, f\u00e9nyk\u00e9pek vagy b\u00e1rmely m\u00e1s adat alapj\u00e1n.","robots":{"index":"index","follow":"follow","max-snippet":"max-snippet:-1","max-image-preview":"max-image-preview:large","max-video-preview":"max-video-preview:-1"},"canonical":"https:\/\/polycountmodelling.com\/en\/3d-latvanyerv-archvis\/","og_locale":"en_US","og_type":"article","og_title":"\u00c9p\u00fclet l\u00e1tv\u00e1nyterv, \u00e9p\u00fclet 3D modellez\u00e9s \u00e9s renderel\u00e9s - PolyCount","og_description":"\u00c9p\u00fclet bels\u0151 \u00e9s k\u00fcls\u0151 l\u00e1tv\u00e1nyterv k\u00e9sz\u00edt\u00e9s, b\u00fator l\u00e1tv\u00e1nytervez\u00e9s, k\u00f6rnyezetbe helyez\u00e9s. Tervrajzok, f\u00e9nyk\u00e9pek vagy b\u00e1rmely m\u00e1s adat alapj\u00e1n.","og_url":"https:\/\/polycountmodelling.com\/en\/3d-latvanyerv-archvis\/","og_site_name":"PolyCount","article_modified_time":"2024-01-11T14:00:19+00:00","og_image":[{"url":"http:\/\/polycountmodelling.com\/wp-content\/uploads\/2023\/10\/wallerbistro_1-1024x661.png"}],"twitter_card":"summary_large_image","twitter_misc":{"Est. reading time":"2 minutes"},"schema":{"@context":"https:\/\/schema.org","@graph":[{"@type":"WebPage","@id":"https:\/\/polycountmodelling.com\/3d-latvanyerv-archvis","url":"https:\/\/polycountmodelling.com\/3d-latvanyerv-archvis","name":"\u00c9p\u00fclet l\u00e1tv\u00e1nyterv, \u00e9p\u00fclet 3D modellez\u00e9s \u00e9s renderel\u00e9s - PolyCount","isPartOf":{"@id":"https:\/\/polycountmodelling.com\/#website"},"datePublished":"2023-10-24T14:09:26+00:00","dateModified":"2024-01-11T14:00:19+00:00","description":"\u00c9p\u00fclet bels\u0151 \u00e9s k\u00fcls\u0151 l\u00e1tv\u00e1nyterv k\u00e9sz\u00edt\u00e9s, b\u00fator l\u00e1tv\u00e1nytervez\u00e9s, k\u00f6rnyezetbe helyez\u00e9s. Tervrajzok, f\u00e9nyk\u00e9pek vagy b\u00e1rmely m\u00e1s adat alapj\u00e1n.","breadcrumb":{"@id":"https:\/\/polycountmodelling.com\/3d-latvanyerv-archvis#breadcrumb"},"inLanguage":"en-US","potentialAction":[{"@type":"ReadAction","target":["https:\/\/polycountmodelling.com\/3d-latvanyerv-archvis"]}]},{"@type":"BreadcrumbList","@id":"https:\/\/polycountmodelling.com\/3d-latvanyerv-archvis#breadcrumb","itemListElement":[{"@type":"ListItem","position":1,"name":"Home","item":"https:\/\/polycountmodelling.com\/"},{"@type":"ListItem","position":2,"name":"ArchVis"}]},{"@type":"WebSite","@id":"https:\/\/polycountmodelling.com\/#website","url":"https:\/\/polycountmodelling.com\/","name":"PolyCount","description":"","publisher":{"@id":"https:\/\/polycountmodelling.com\/#organization"},"potentialAction":[{"@type":"SearchAction","target":{"@type":"EntryPoint","urlTemplate":"https:\/\/polycountmodelling.com\/?s={search_term_string}"},"query-input":"required name=search_term_string"}],"inLanguage":"en-US"},{"@type":"Organization","@id":"https:\/\/polycountmodelling.com\/#organization","name":"PolyCount","url":"https:\/\/polycountmodelling.com\/","logo":{"@type":"ImageObject","inLanguage":"en-US","@id":"https:\/\/polycountmodelling.com\/#\/schema\/logo\/image\/","url":"https:\/\/polycountmodelling.com\/wp-content\/uploads\/2023\/10\/cropped-cubelogo-2-1.png","contentUrl":"https:\/\/polycountmodelling.com\/wp-content\/uploads\/2023\/10\/cropped-cubelogo-2-1.png","width":1023,"height":1023,"caption":"PolyCount"},"image":{"@id":"https:\/\/polycountmodelling.com\/#\/schema\/logo\/image\/"},"sameAs":["https:\/\/www.instagram.com\/polycountmodelling","https:\/\/www.youtube.com\/channel\/UCCSWmVmHb4Ykx7ip6dRSoQg"]}]}},"_links":{"self":[{"href":"https:\/\/polycountmodelling.com\/en\/wp-json\/wp\/v2\/pages\/283"}],"collection":[{"href":"https:\/\/polycountmodelling.com\/en\/wp-json\/wp\/v2\/pages"}],"about":[{"href":"https:\/\/polycountmodelling.com\/en\/wp-json\/wp\/v2\/types\/page"}],"author":[{"embeddable":true,"href":"https:\/\/polycountmodelling.com\/en\/wp-json\/wp\/v2\/users\/1"}],"replies":[{"embeddable":true,"href":"https:\/\/polycountmodelling.com\/en\/wp-json\/wp\/v2\/comments?post=283"}],"version-history":[{"count":2,"href":"https:\/\/polycountmodelling.com\/en\/wp-json\/wp\/v2\/pages\/283\/revisions"}],"predecessor-version":[{"id":793,"href":"https:\/\/polycountmodelling.com\/en\/wp-json\/wp\/v2\/pages\/283\/revisions\/793"}],"wp:attachment":[{"href":"https:\/\/polycountmodelling.com\/en\/wp-json\/wp\/v2\/media?parent=283"}],"curies":[{"name":"wp","href":"https:\/\/api.w.org\/{rel}","templated":true}]}}