{"id":165,"date":"2023-10-13T14:40:31","date_gmt":"2023-10-13T13:40:31","guid":{"rendered":"https:\/\/polycountmodelling.com\/?page_id=165"},"modified":"2024-01-11T14:34:56","modified_gmt":"2024-01-11T14:34:56","slug":"3d_modell_reference","status":"publish","type":"page","link":"https:\/\/polycountmodelling.com\/en\/3d_modell_reference","title":{"rendered":"Reference"},"content":{"rendered":"<p><strong>References<\/strong>, k\u00e9pek \u00e9s interekt\u00edv el\u0151n\u00e9zetek.<\/p>\n\n\n\n<figure class=\"wp-block-image size-large\"><img loading=\"lazy\" decoding=\"async\" width=\"1024\" height=\"1024\" src=\"http:\/\/polycountmodelling.com\/wp-content\/uploads\/2023\/11\/by48-1024x1024.png\" alt=\"\" class=\"wp-image-764\" srcset=\"https:\/\/polycountmodelling.com\/wp-content\/uploads\/2023\/11\/by48-1024x1024.png 1024w, https:\/\/polycountmodelling.com\/wp-content\/uploads\/2023\/11\/by48-300x300.png 300w, https:\/\/polycountmodelling.com\/wp-content\/uploads\/2023\/11\/by48-150x150.png 150w, https:\/\/polycountmodelling.com\/wp-content\/uploads\/2023\/11\/by48-768x768.png 768w, https:\/\/polycountmodelling.com\/wp-content\/uploads\/2023\/11\/by48-12x12.png 12w, https:\/\/polycountmodelling.com\/wp-content\/uploads\/2023\/11\/by48.png 1200w\" sizes=\"(max-width: 1024px) 100vw, 1024px\" \/><\/figure>\n\n\n\n<figure class=\"wp-block-image size-large\"><img loading=\"lazy\" decoding=\"async\" width=\"1024\" height=\"691\" src=\"http:\/\/polycountmodelling.com\/wp-content\/uploads\/2023\/10\/r12a-1024x691.png\" alt=\"\" class=\"wp-image-176\" srcset=\"https:\/\/polycountmodelling.com\/wp-content\/uploads\/2023\/10\/r12a-1024x691.png 1024w, https:\/\/polycountmodelling.com\/wp-content\/uploads\/2023\/10\/r12a-300x202.png 300w, https:\/\/polycountmodelling.com\/wp-content\/uploads\/2023\/10\/r12a-768x518.png 768w, https:\/\/polycountmodelling.com\/wp-content\/uploads\/2023\/10\/r12a.png 1500w\" sizes=\"(max-width: 1024px) 100vw, 1024px\" \/><\/figure>\n\n\n\n<figure class=\"wp-block-image size-large\"><img loading=\"lazy\" decoding=\"async\" width=\"1024\" height=\"661\" src=\"http:\/\/polycountmodelling.com\/wp-content\/uploads\/2023\/10\/fluxx-kit-1024x661.png\" alt=\"\" class=\"wp-image-175\" srcset=\"https:\/\/polycountmodelling.com\/wp-content\/uploads\/2023\/10\/fluxx-kit-1024x661.png 1024w, https:\/\/polycountmodelling.com\/wp-content\/uploads\/2023\/10\/fluxx-kit-300x194.png 300w, https:\/\/polycountmodelling.com\/wp-content\/uploads\/2023\/10\/fluxx-kit-768x496.png 768w, https:\/\/polycountmodelling.com\/wp-content\/uploads\/2023\/10\/fluxx-kit-1536x992.png 1536w, https:\/\/polycountmodelling.com\/wp-content\/uploads\/2023\/10\/fluxx-kit-1568x1013.png 1568w, https:\/\/polycountmodelling.com\/wp-content\/uploads\/2023\/10\/fluxx-kit.png 1920w\" sizes=\"(max-width: 1024px) 100vw, 1024px\" \/><\/figure>\n\n\n\n<figure class=\"wp-block-image size-large\"><img loading=\"lazy\" decoding=\"async\" width=\"1024\" height=\"683\" src=\"http:\/\/polycountmodelling.com\/wp-content\/uploads\/2023\/10\/camera.015-1024x683.jpg\" alt=\"\" class=\"wp-image-171\" srcset=\"https:\/\/polycountmodelling.com\/wp-content\/uploads\/2023\/10\/camera.015-1024x683.jpg 1024w, https:\/\/polycountmodelling.com\/wp-content\/uploads\/2023\/10\/camera.015-300x200.jpg 300w, https:\/\/polycountmodelling.com\/wp-content\/uploads\/2023\/10\/camera.015-768x512.jpg 768w, https:\/\/polycountmodelling.com\/wp-content\/uploads\/2023\/10\/camera.015-1536x1024.jpg 1536w, https:\/\/polycountmodelling.com\/wp-content\/uploads\/2023\/10\/camera.015-1568x1045.jpg 1568w, https:\/\/polycountmodelling.com\/wp-content\/uploads\/2023\/10\/camera.015.jpg 1620w\" sizes=\"(max-width: 1024px) 100vw, 1024px\" \/><\/figure>","protected":false},"excerpt":{"rendered":"<p>Referencia munk\u00e1k, k\u00e9pek \u00e9s interekt\u00edv el\u0151n\u00e9zetek.<\/p>","protected":false},"author":1,"featured_media":0,"parent":0,"menu_order":0,"comment_status":"closed","ping_status":"closed","template":"wp-custom-template-reference","meta":{"_eb_attr":"","footnotes":""},"yoast_head":"<!-- This site is optimized with the Yoast SEO plugin v21.8 - https:\/\/yoast.com\/wordpress\/plugins\/seo\/ -->\n<title>Kor\u00e1bbi munk\u00e1ink - PolyCount 3D modellez\u00e9s<\/title>\n<meta name=\"description\" content=\"Kor\u00e1bbi 3D modellez\u00e9s \u00e9s egy\u00e9b munk\u00e1ink egy r\u00e9sze itt tekinthet\u0151k meg. Ha felkeltett\u00fck \u00e9rdekl\u0151d\u00e9s\u00e9t, vegye fel vel\u00fcnk a kapcsolatot!\" \/>\n<meta name=\"robots\" content=\"index, follow, max-snippet:-1, max-image-preview:large, max-video-preview:-1\" \/>\n<link rel=\"canonical\" href=\"https:\/\/polycountmodelling.com\/en\/3d_modell_reference\/\" \/>\n<meta property=\"og:locale\" content=\"en_US\" \/>\n<meta property=\"og:type\" content=\"article\" \/>\n<meta property=\"og:title\" content=\"Kor\u00e1bbi munk\u00e1ink - PolyCount 3D modellez\u00e9s\" \/>\n<meta property=\"og:description\" content=\"Kor\u00e1bbi 3D modellez\u00e9s \u00e9s egy\u00e9b munk\u00e1ink egy r\u00e9sze itt tekinthet\u0151k meg. Ha felkeltett\u00fck \u00e9rdekl\u0151d\u00e9s\u00e9t, vegye fel vel\u00fcnk a kapcsolatot!\" \/>\n<meta property=\"og:url\" content=\"https:\/\/polycountmodelling.com\/en\/3d_modell_reference\/\" \/>\n<meta property=\"og:site_name\" content=\"PolyCount\" \/>\n<meta property=\"article:modified_time\" content=\"2024-01-11T14:34:56+00:00\" \/>\n<meta property=\"og:image\" content=\"http:\/\/polycountmodelling.com\/wp-content\/uploads\/2023\/11\/by48-1024x1024.png\" \/>\n<meta name=\"twitter:card\" content=\"summary_large_image\" \/>\n<meta name=\"twitter:label1\" content=\"Est. reading time\" \/>\n\t<meta name=\"twitter:data1\" content=\"1 minute\" \/>\n<!-- \/ Yoast SEO plugin. -->","yoast_head_json":{"title":"Kor\u00e1bbi munk\u00e1ink - PolyCount 3D modellez\u00e9s","description":"Kor\u00e1bbi 3D modellez\u00e9s \u00e9s egy\u00e9b munk\u00e1ink egy r\u00e9sze itt tekinthet\u0151k meg. Ha felkeltett\u00fck \u00e9rdekl\u0151d\u00e9s\u00e9t, vegye fel vel\u00fcnk a kapcsolatot!","robots":{"index":"index","follow":"follow","max-snippet":"max-snippet:-1","max-image-preview":"max-image-preview:large","max-video-preview":"max-video-preview:-1"},"canonical":"https:\/\/polycountmodelling.com\/en\/3d_modell_reference\/","og_locale":"en_US","og_type":"article","og_title":"Kor\u00e1bbi munk\u00e1ink - PolyCount 3D modellez\u00e9s","og_description":"Kor\u00e1bbi 3D modellez\u00e9s \u00e9s egy\u00e9b munk\u00e1ink egy r\u00e9sze itt tekinthet\u0151k meg. Ha felkeltett\u00fck \u00e9rdekl\u0151d\u00e9s\u00e9t, vegye fel vel\u00fcnk a kapcsolatot!","og_url":"https:\/\/polycountmodelling.com\/en\/3d_modell_reference\/","og_site_name":"PolyCount","article_modified_time":"2024-01-11T14:34:56+00:00","og_image":[{"url":"http:\/\/polycountmodelling.com\/wp-content\/uploads\/2023\/11\/by48-1024x1024.png"}],"twitter_card":"summary_large_image","twitter_misc":{"Est. reading time":"1 minute"},"schema":{"@context":"https:\/\/schema.org","@graph":[{"@type":"WebPage","@id":"https:\/\/polycountmodelling.com\/3d_modell_reference","url":"https:\/\/polycountmodelling.com\/3d_modell_reference","name":"Kor\u00e1bbi munk\u00e1ink - PolyCount 3D modellez\u00e9s","isPartOf":{"@id":"https:\/\/polycountmodelling.com\/#website"},"datePublished":"2023-10-13T13:40:31+00:00","dateModified":"2024-01-11T14:34:56+00:00","description":"Kor\u00e1bbi 3D modellez\u00e9s \u00e9s egy\u00e9b munk\u00e1ink egy r\u00e9sze itt tekinthet\u0151k meg. Ha felkeltett\u00fck \u00e9rdekl\u0151d\u00e9s\u00e9t, vegye fel vel\u00fcnk a kapcsolatot!","breadcrumb":{"@id":"https:\/\/polycountmodelling.com\/3d_modell_reference#breadcrumb"},"inLanguage":"en-US","potentialAction":[{"@type":"ReadAction","target":["https:\/\/polycountmodelling.com\/3d_modell_reference"]}]},{"@type":"BreadcrumbList","@id":"https:\/\/polycountmodelling.com\/3d_modell_reference#breadcrumb","itemListElement":[{"@type":"ListItem","position":1,"name":"Home","item":"https:\/\/polycountmodelling.com\/"},{"@type":"ListItem","position":2,"name":"Reference"}]},{"@type":"WebSite","@id":"https:\/\/polycountmodelling.com\/#website","url":"https:\/\/polycountmodelling.com\/","name":"PolyCount","description":"","publisher":{"@id":"https:\/\/polycountmodelling.com\/#organization"},"potentialAction":[{"@type":"SearchAction","target":{"@type":"EntryPoint","urlTemplate":"https:\/\/polycountmodelling.com\/?s={search_term_string}"},"query-input":"required name=search_term_string"}],"inLanguage":"en-US"},{"@type":"Organization","@id":"https:\/\/polycountmodelling.com\/#organization","name":"PolyCount","url":"https:\/\/polycountmodelling.com\/","logo":{"@type":"ImageObject","inLanguage":"en-US","@id":"https:\/\/polycountmodelling.com\/#\/schema\/logo\/image\/","url":"https:\/\/polycountmodelling.com\/wp-content\/uploads\/2023\/10\/cropped-cubelogo-2-1.png","contentUrl":"https:\/\/polycountmodelling.com\/wp-content\/uploads\/2023\/10\/cropped-cubelogo-2-1.png","width":1023,"height":1023,"caption":"PolyCount"},"image":{"@id":"https:\/\/polycountmodelling.com\/#\/schema\/logo\/image\/"},"sameAs":["https:\/\/www.instagram.com\/polycountmodelling","https:\/\/www.youtube.com\/channel\/UCCSWmVmHb4Ykx7ip6dRSoQg"]}]}},"_links":{"self":[{"href":"https:\/\/polycountmodelling.com\/en\/wp-json\/wp\/v2\/pages\/165"}],"collection":[{"href":"https:\/\/polycountmodelling.com\/en\/wp-json\/wp\/v2\/pages"}],"about":[{"href":"https:\/\/polycountmodelling.com\/en\/wp-json\/wp\/v2\/types\/page"}],"author":[{"embeddable":true,"href":"https:\/\/polycountmodelling.com\/en\/wp-json\/wp\/v2\/users\/1"}],"replies":[{"embeddable":true,"href":"https:\/\/polycountmodelling.com\/en\/wp-json\/wp\/v2\/comments?post=165"}],"version-history":[{"count":4,"href":"https:\/\/polycountmodelling.com\/en\/wp-json\/wp\/v2\/pages\/165\/revisions"}],"predecessor-version":[{"id":795,"href":"https:\/\/polycountmodelling.com\/en\/wp-json\/wp\/v2\/pages\/165\/revisions\/795"}],"wp:attachment":[{"href":"https:\/\/polycountmodelling.com\/en\/wp-json\/wp\/v2\/media?parent=165"}],"curies":[{"name":"wp","href":"https:\/\/api.w.org\/{rel}","templated":true}]}}